{"id":415,"date":"2008-10-23T22:21:26","date_gmt":"2008-10-23T20:21:26","guid":{"rendered":"http:\/\/www.upaya.es\/?page_id=415"},"modified":"2020-05-25T21:18:19","modified_gmt":"2020-05-25T19:18:19","slug":"proyecto-torrassa","status":"publish","type":"page","link":"http:\/\/www.upaya.es\/?page_id=415","title":{"rendered":"Proyecto Torrassa"},"content":{"rendered":"<p>Una de mis l\u00edneas de investigaci\u00f3n preferidas, la historia de una casa que dio nombre al barrio donde vivieron mis abuelos paternos y donde naci\u00f3 mi padre. A medida que voy descubriendo cosas las publico aqu\u00ed para compartirlas con todos vosotros.<\/p>\n<p align=\"center\"><img decoding=\"async\" src=\"\/images\/torrassa.JPG\" alt=\"La Torrassa\" \/><\/p>\n<p>1.- <a href=\"http:\/\/www.upaya.es\/?p=42\" target=\"_blank\" rel=\"noopener\">La Torre Llampada<\/a><\/p>\n<p>2.- <a href=\"http:\/\/www.upaya.es\/?p=175\" target=\"_blank\" rel=\"noopener\">El pergamino de la Torre Llampada<\/a><\/p>\n<p>3.- <a href=\"http:\/\/www.upaya.es\/?p=405\" target=\"_blank\" rel=\"noopener\">El Castell de Bellv\u00eds en la Casa de la Torrassa<\/a><\/p>\n<p>4.- Nuevos dominios <a href=\"http:\/\/www.latorrassa.com\/\" target=\"_blank\" rel=\"noopener\">\u00ablatorrassa.com\u00bb<\/a> y la <a href=\"http:\/\/www.latorrassa.es\/\" target=\"_blank\" rel=\"noopener\">\u00ablatorrassa.es\u00bb<\/a><\/p>\n<p>5.- <a href=\"http:\/\/es.wikipedia.org\/wiki\/La_Torrassa\" target=\"_blank\" rel=\"noopener\">Nuestra contribuci\u00f3n a Wikipedia<\/a><\/p>\n<p>6.- <a href=\"http:\/\/www.upaya.es\/?p=426\" target=\"_blank\" rel=\"noopener\">Her\u00e1ldica de Bellv\u00eds<\/a><\/p>\n<p>7.- <a href=\"http:\/\/www.upaya.es\/?p=542\" target=\"_blank\" rel=\"noopener\">Milcentenario de Proven\u00e7ana<\/a><\/p>\n<p>8.- <a href=\"http:\/\/www.upaya.es\/?p=580\" target=\"_blank\" rel=\"noopener\">La Casa de Proventius<\/a><\/p>\n<p>9.- <a href=\"http:\/\/www.upaya.es\/?p=595\" target=\"_blank\" rel=\"noopener\">Algunas inc\u00f3gnitas de la Casa de la Torrassa<\/a><\/p>\n<p>10.- <a href=\"http:\/\/www.upaya.es\/?p=808\" target=\"_blank\" rel=\"noopener\">La Cartoixa i el Castell de Bellv\u00eds<\/a><\/p>\n<p>11.- <a href=\"http:\/\/www.upaya.es\/?p=949\" target=\"_blank\" rel=\"noopener\">La Torrassa y Sants<\/a><\/p>\n<p>12.- <a href=\"http:\/\/www.upaya.es\/?p=2080\" target=\"_blank\" rel=\"noopener\">Defensem el Castell de Bellv\u00eds<\/a><\/p>\n<p>13.-\u00a0Primera part de la confer\u00e8ncia Vestigis de la Casa de Bellv\u00eds. Pagesos i senyors a Proven\u00e7ana<\/p>\n","protected":false},"excerpt":{"rendered":"<p>Una de mis l\u00edneas de investigaci\u00f3n preferidas, la historia de una casa que dio nombre al barrio donde vivieron mis abuelos paternos y donde naci\u00f3 mi padre. A medida que voy descubriendo cosas las publico aqu\u00ed para compartirlas con todos vosotros. 1.- La Torre Llampada 2.- El pergamino de la Torre Llampada 3.- El Castell &hellip; <a href=\"http:\/\/www.upaya.es\/?page_id=415\" class=\"more-link\">Seguir leyendo <span class=\"screen-reader-text\">Proyecto Torrassa<\/span> <span class=\"meta-nav\">&rarr;<\/span><\/a><\/p>\n","protected":false},"author":1,"featured_media":0,"parent":0,"menu_order":0,"comment_status":"closed","ping_status":"open","template":"","meta":[],"_links":{"self":[{"href":"http:\/\/www.upaya.es\/index.php?rest_route=\/wp\/v2\/pages\/415"}],"collection":[{"href":"http:\/\/www.upaya.es\/index.php?rest_route=\/wp\/v2\/pages"}],"about":[{"href":"http:\/\/www.upaya.es\/index.php?rest_route=\/wp\/v2\/types\/page"}],"author":[{"embeddable":true,"href":"http:\/\/www.upaya.es\/index.php?rest_route=\/wp\/v2\/users\/1"}],"replies":[{"embeddable":true,"href":"http:\/\/www.upaya.es\/index.php?rest_route=%2Fwp%2Fv2%2Fcomments&post=415"}],"version-history":[{"count":21,"href":"http:\/\/www.upaya.es\/index.php?rest_route=\/wp\/v2\/pages\/415\/revisions"}],"predecessor-version":[{"id":2147,"href":"http:\/\/www.upaya.es\/index.php?rest_route=\/wp\/v2\/pages\/415\/revisions\/2147"}],"wp:attachment":[{"href":"http:\/\/www.upaya.es\/index.php?rest_route=%2Fwp%2Fv2%2Fmedia&parent=415"}],"curies":[{"name":"wp","href":"https:\/\/api.w.org\/{rel}","templated":true}]}}