{"id":1871,"date":"2015-01-14T21:46:59","date_gmt":"2015-01-14T19:46:59","guid":{"rendered":"http:\/\/www.upaya.es\/?page_id=1871"},"modified":"2015-11-08T10:50:45","modified_gmt":"2015-11-08T08:50:45","slug":"events-el-comu-catala","status":"publish","type":"page","link":"http:\/\/www.upaya.es\/?page_id=1871","title":{"rendered":"Actes \u00abEl com\u00fa catal\u00e0\u00bb"},"content":{"rendered":"<p>&nbsp;<\/p>\n<p><u>PASSATS<\/u><\/p>\n<ul>\n<li>\u00a0<a href=\"http:\/\/www.upaya.es\/?p=1718\" target=\"_blank\">\u00abLa hist\u00f2ria popular oculta a Catalunya\u00bb<\/a>, dins de les jornades\u00a0\u00abIndepend\u00e8ncia sense Estat? Jornades de reflexi\u00f3, formaci\u00f3 i debat\u00bb organitzades\u00a0per la Plataforma pel No-S\u00ed,\u00a028-30 de novembre del 2014<\/li>\n<li>\u00ab<a href=\"http:\/\/www.upaya.es\/wp-content\/uploads\/calendari-2015-16-Definitiu-1.pdf\" target=\"_blank\">Continu\u00eftat cultural ibera a l\u2019edat mitjana catalana<\/a>\u00ab, taller dins del curs de\u00a0l&#8217;Institut d&#8217;Estudis Ibers (Terrassa), 24 d&#8217;octubre\u00a0del\u00a02015 a les 11:00 h<\/li>\n<\/ul>\n<p><u>FUTURS<\/u><\/p>\n<ul>\n<li>Presentaci\u00f3 de \u00abEl com\u00fa catal\u00e0\u00bb a Aureasocial. 9\u00a0de de gener del 2016\u00a0de 11:00 a 13:00.<\/li>\n<li>\u00abLa hist\u00f2ria popular oculta de Catalunya\u00bb,\u00a0GEPP Empord\u00e0 (Projecte Terra (Ultramort) o\u00a0Can Rec\u00e9s (Viladamat)), \u00a0(data pendent de decidir)<\/li>\n<\/ul>\n<p>&nbsp;<\/p>\n","protected":false},"excerpt":{"rendered":"<p>&nbsp; PASSATS \u00a0\u00abLa hist\u00f2ria popular oculta a Catalunya\u00bb, dins de les jornades\u00a0\u00abIndepend\u00e8ncia sense Estat? Jornades de reflexi\u00f3, formaci\u00f3 i debat\u00bb organitzades\u00a0per la Plataforma pel No-S\u00ed,\u00a028-30 de novembre del 2014 \u00abContinu\u00eftat cultural ibera a l\u2019edat mitjana catalana\u00ab, taller dins del curs de\u00a0l&#8217;Institut d&#8217;Estudis Ibers (Terrassa), 24 d&#8217;octubre\u00a0del\u00a02015 a les 11:00 h FUTURS Presentaci\u00f3 de \u00abEl com\u00fa &hellip; <a href=\"http:\/\/www.upaya.es\/?page_id=1871\" class=\"more-link\">Seguir leyendo <span class=\"screen-reader-text\">Actes \u00abEl com\u00fa catal\u00e0\u00bb<\/span> <span class=\"meta-nav\">&rarr;<\/span><\/a><\/p>\n","protected":false},"author":1,"featured_media":0,"parent":0,"menu_order":0,"comment_status":"open","ping_status":"open","template":"","meta":[],"_links":{"self":[{"href":"http:\/\/www.upaya.es\/index.php?rest_route=\/wp\/v2\/pages\/1871"}],"collection":[{"href":"http:\/\/www.upaya.es\/index.php?rest_route=\/wp\/v2\/pages"}],"about":[{"href":"http:\/\/www.upaya.es\/index.php?rest_route=\/wp\/v2\/types\/page"}],"author":[{"embeddable":true,"href":"http:\/\/www.upaya.es\/index.php?rest_route=\/wp\/v2\/users\/1"}],"replies":[{"embeddable":true,"href":"http:\/\/www.upaya.es\/index.php?rest_route=%2Fwp%2Fv2%2Fcomments&post=1871"}],"version-history":[{"count":11,"href":"http:\/\/www.upaya.es\/index.php?rest_route=\/wp\/v2\/pages\/1871\/revisions"}],"predecessor-version":[{"id":2026,"href":"http:\/\/www.upaya.es\/index.php?rest_route=\/wp\/v2\/pages\/1871\/revisions\/2026"}],"wp:attachment":[{"href":"http:\/\/www.upaya.es\/index.php?rest_route=%2Fwp%2Fv2%2Fmedia&parent=1871"}],"curies":[{"name":"wp","href":"https:\/\/api.w.org\/{rel}","templated":true}]}}